{"id":500,"date":"2020-07-24T10:10:18","date_gmt":"2020-07-24T10:10:18","guid":{"rendered":"http:\/\/jugoimpex.timacumdev.com\/opasan-otpad\/"},"modified":"2021-02-03T10:23:25","modified_gmt":"2021-02-03T10:23:25","slug":"gefaehrliche-abfaelle","status":"publish","type":"page","link":"http:\/\/jugoimpex.timacumdev.com\/de\/sektoren\/gefaehrliche-abfaelle\/","title":{"rendered":"Gef\u00e4hrliche Abf\u00e4lle"},"content":{"rendered":"","protected":false},"excerpt":{"rendered":"","protected":false},"author":2,"featured_media":0,"parent":307,"menu_order":0,"comment_status":"closed","ping_status":"closed","template":"page-sektor.php","meta":{"_acf_changed":false,"inline_featured_image":false,"footnotes":""},"class_list":["post-500","page","type-page","status-publish","hentry"],"acf":[],"yoast_head":"<!-- This site is optimized with the Yoast SEO plugin v26.7 - https:\/\/yoast.com\/wordpress\/plugins\/seo\/ -->\n<title>Der Sektor f\u00fcr Entsorgung gef\u00e4hrlicherAbf\u00e4lle - JUGO-IMPEX<\/title>\n<meta name=\"description\" content=\"Jugo-Impex - \u2013 Der Sektor f\u00fcr Entsorgung gef\u00e4hrlicherAbf\u00e4lle - Behandlung, Transport und Lagerung - sichere Entsorgung gef\u00e4hrlicher Abf\u00e4lle.\" \/>\n<meta name=\"robots\" content=\"index, follow, max-snippet:-1, max-image-preview:large, max-video-preview:-1\" \/>\n<link rel=\"canonical\" href=\"http:\/\/jugoimpex.timacumdev.com\/de\/sektoren\/gefaehrliche-abfaelle\/\" \/>\n<script type=\"application\/ld+json\" class=\"yoast-schema-graph\">{\"@context\":\"https:\/\/schema.org\",\"@graph\":[{\"@type\":\"WebPage\",\"@id\":\"http:\/\/jugoimpex.timacumdev.com\/de\/sektoren\/gefaehrliche-abfaelle\/\",\"url\":\"http:\/\/jugoimpex.timacumdev.com\/de\/sektoren\/gefaehrliche-abfaelle\/\",\"name\":\"Der Sektor f\u00fcr Entsorgung gef\u00e4hrlicherAbf\u00e4lle - JUGO-IMPEX\",\"isPartOf\":{\"@id\":\"http:\/\/jugoimpex.timacumdev.com\/#website\"},\"datePublished\":\"2020-07-24T10:10:18+00:00\",\"dateModified\":\"2021-02-03T10:23:25+00:00\",\"description\":\"Jugo-Impex - \u2013 Der Sektor f\u00fcr Entsorgung gef\u00e4hrlicherAbf\u00e4lle - Behandlung, Transport und Lagerung - sichere Entsorgung gef\u00e4hrlicher Abf\u00e4lle.\",\"breadcrumb\":{\"@id\":\"http:\/\/jugoimpex.timacumdev.com\/de\/sektoren\/gefaehrliche-abfaelle\/#breadcrumb\"},\"inLanguage\":\"de\",\"potentialAction\":[{\"@type\":\"ReadAction\",\"target\":[\"http:\/\/jugoimpex.timacumdev.com\/de\/sektoren\/gefaehrliche-abfaelle\/\"]}]},{\"@type\":\"BreadcrumbList\",\"@id\":\"http:\/\/jugoimpex.timacumdev.com\/de\/sektoren\/gefaehrliche-abfaelle\/#breadcrumb\",\"itemListElement\":[{\"@type\":\"ListItem\",\"position\":1,\"name\":\"Home\",\"item\":\"http:\/\/jugoimpex.timacumdev.com\/de\/\"},{\"@type\":\"ListItem\",\"position\":2,\"name\":\"Sektoren\",\"item\":\"http:\/\/jugoimpex.timacumdev.com\/de\/sektoren\/\"},{\"@type\":\"ListItem\",\"position\":3,\"name\":\"Gef\u00e4hrliche Abf\u00e4lle\"}]},{\"@type\":\"WebSite\",\"@id\":\"http:\/\/jugoimpex.timacumdev.com\/#website\",\"url\":\"http:\/\/jugoimpex.timacumdev.com\/\",\"name\":\"Jugo-impex\",\"description\":\"\",\"potentialAction\":[{\"@type\":\"SearchAction\",\"target\":{\"@type\":\"EntryPoint\",\"urlTemplate\":\"http:\/\/jugoimpex.timacumdev.com\/?s={search_term_string}\"},\"query-input\":{\"@type\":\"PropertyValueSpecification\",\"valueRequired\":true,\"valueName\":\"search_term_string\"}}],\"inLanguage\":\"de\"}]}<\/script>\n<!-- \/ Yoast SEO plugin. -->","yoast_head_json":{"title":"Der Sektor f\u00fcr Entsorgung gef\u00e4hrlicherAbf\u00e4lle - JUGO-IMPEX","description":"Jugo-Impex - \u2013 Der Sektor f\u00fcr Entsorgung gef\u00e4hrlicherAbf\u00e4lle - Behandlung, Transport und Lagerung - sichere Entsorgung gef\u00e4hrlicher Abf\u00e4lle.","robots":{"index":"index","follow":"follow","max-snippet":"max-snippet:-1","max-image-preview":"max-image-preview:large","max-video-preview":"max-video-preview:-1"},"canonical":"http:\/\/jugoimpex.timacumdev.com\/de\/sektoren\/gefaehrliche-abfaelle\/","schema":{"@context":"https:\/\/schema.org","@graph":[{"@type":"WebPage","@id":"http:\/\/jugoimpex.timacumdev.com\/de\/sektoren\/gefaehrliche-abfaelle\/","url":"http:\/\/jugoimpex.timacumdev.com\/de\/sektoren\/gefaehrliche-abfaelle\/","name":"Der Sektor f\u00fcr Entsorgung gef\u00e4hrlicherAbf\u00e4lle - JUGO-IMPEX","isPartOf":{"@id":"http:\/\/jugoimpex.timacumdev.com\/#website"},"datePublished":"2020-07-24T10:10:18+00:00","dateModified":"2021-02-03T10:23:25+00:00","description":"Jugo-Impex - \u2013 Der Sektor f\u00fcr Entsorgung gef\u00e4hrlicherAbf\u00e4lle - Behandlung, Transport und Lagerung - sichere Entsorgung gef\u00e4hrlicher Abf\u00e4lle.","breadcrumb":{"@id":"http:\/\/jugoimpex.timacumdev.com\/de\/sektoren\/gefaehrliche-abfaelle\/#breadcrumb"},"inLanguage":"de","potentialAction":[{"@type":"ReadAction","target":["http:\/\/jugoimpex.timacumdev.com\/de\/sektoren\/gefaehrliche-abfaelle\/"]}]},{"@type":"BreadcrumbList","@id":"http:\/\/jugoimpex.timacumdev.com\/de\/sektoren\/gefaehrliche-abfaelle\/#breadcrumb","itemListElement":[{"@type":"ListItem","position":1,"name":"Home","item":"http:\/\/jugoimpex.timacumdev.com\/de\/"},{"@type":"ListItem","position":2,"name":"Sektoren","item":"http:\/\/jugoimpex.timacumdev.com\/de\/sektoren\/"},{"@type":"ListItem","position":3,"name":"Gef\u00e4hrliche Abf\u00e4lle"}]},{"@type":"WebSite","@id":"http:\/\/jugoimpex.timacumdev.com\/#website","url":"http:\/\/jugoimpex.timacumdev.com\/","name":"Jugo-impex","description":"","potentialAction":[{"@type":"SearchAction","target":{"@type":"EntryPoint","urlTemplate":"http:\/\/jugoimpex.timacumdev.com\/?s={search_term_string}"},"query-input":{"@type":"PropertyValueSpecification","valueRequired":true,"valueName":"search_term_string"}}],"inLanguage":"de"}]}},"_links":{"self":[{"href":"http:\/\/jugoimpex.timacumdev.com\/de\/wp-json\/wp\/v2\/pages\/500","targetHints":{"allow":["GET"]}}],"collection":[{"href":"http:\/\/jugoimpex.timacumdev.com\/de\/wp-json\/wp\/v2\/pages"}],"about":[{"href":"http:\/\/jugoimpex.timacumdev.com\/de\/wp-json\/wp\/v2\/types\/page"}],"author":[{"embeddable":true,"href":"http:\/\/jugoimpex.timacumdev.com\/de\/wp-json\/wp\/v2\/users\/2"}],"replies":[{"embeddable":true,"href":"http:\/\/jugoimpex.timacumdev.com\/de\/wp-json\/wp\/v2\/comments?post=500"}],"version-history":[{"count":0,"href":"http:\/\/jugoimpex.timacumdev.com\/de\/wp-json\/wp\/v2\/pages\/500\/revisions"}],"up":[{"embeddable":true,"href":"http:\/\/jugoimpex.timacumdev.com\/de\/wp-json\/wp\/v2\/pages\/307"}],"wp:attachment":[{"href":"http:\/\/jugoimpex.timacumdev.com\/de\/wp-json\/wp\/v2\/media?parent=500"}],"curies":[{"name":"wp","href":"https:\/\/api.w.org\/{rel}","templated":true}]}}